{"id":1346,"date":"2023-01-02T15:07:37","date_gmt":"2023-01-02T14:07:37","guid":{"rendered":"https:\/\/update.boettcher-film.de\/bert-kaempfert-film\/"},"modified":"2026-02-19T09:17:13","modified_gmt":"2026-02-19T09:17:13","slug":"bert-kaempfert-film","status":"publish","type":"page","link":"https:\/\/en.boettcher-film.de\/?page_id=1346","title":{"rendered":"Bert Kaempfert &#8211; Film"},"content":{"rendered":"<div data-colibri-id=\"1346-c1\" class=\"style-585 style-local-1346-c1 position-relative\">\n  <!---->\n  <div data-colibri-component=\"section\" data-colibri-id=\"1346-c6\" id=\"custom\" class=\"h-section h-section-global-spacing d-flex align-items-lg-center align-items-md-center align-items-center style-590 style-local-1346-c6 position-relative\">\n    <!---->\n    <!---->\n    <div class=\"h-section-grid-container h-section-fluid-container\">\n      <!---->\n      <div data-colibri-id=\"1346-c7\" class=\"h-row-container gutters-row-lg-2 gutters-row-md-2 gutters-row-0 gutters-row-v-lg-2 gutters-row-v-md-2 gutters-row-v-2 style-591 style-local-1346-c7 position-relative\">\n        <!---->\n        <div class=\"h-row justify-content-lg-center justify-content-md-center justify-content-center align-items-lg-stretch align-items-md-stretch align-items-stretch gutters-col-lg-2 gutters-col-md-2 gutters-col-0 gutters-col-v-lg-2 gutters-col-v-md-2 gutters-col-v-2\">\n          <!---->\n          <div class=\"h-column h-column-container d-flex h-col-lg-auto h-col-md-auto h-col-auto style-592-outer style-local-1346-c8-outer\">\n            <div data-colibri-id=\"1346-c8\" class=\"d-flex h-flex-basis h-column__inner h-px-lg-2 h-px-md-2 h-px-2 v-inner-lg-2 v-inner-md-2 v-inner-2 style-592 style-local-1346-c8 position-relative\">\n              <!---->\n              <!---->\n              <div class=\"w-100 h-y-container h-column__content h-column__v-align flex-basis-100 align-self-lg-start align-self-md-start align-self-start\">\n                <!---->\n                <div data-colibri-id=\"1346-c10\" class=\"d-block style-594 style-local-1346-c10 position-relative h-element\">\n                  <!---->\n                  <div class=\"h-image__frame-container-outer\">\n                    <div class=\"h-image__frame-container\">\n                      <!---->\n                      <!---->\n                      <img loading=\"lazy\" decoding=\"async\" width=\"850\" height=\"1200\" src=\"https:\/\/en.boettcher-film.de\/wp-content\/uploads\/2022\/12\/Stranger-in-the-night-Bert-Kaempfert-Story.jpg\" class=\"wp-image-170 style-594-image style-local-1346-c10-image\" alt=\"\" srcset=\"https:\/\/en.boettcher-film.de\/wp-content\/uploads\/2022\/12\/Stranger-in-the-night-Bert-Kaempfert-Story.jpg 850w, https:\/\/en.boettcher-film.de\/wp-content\/uploads\/2022\/12\/Stranger-in-the-night-Bert-Kaempfert-Story-213x300.jpg 213w, https:\/\/en.boettcher-film.de\/wp-content\/uploads\/2022\/12\/Stranger-in-the-night-Bert-Kaempfert-Story-725x1024.jpg 725w, https:\/\/en.boettcher-film.de\/wp-content\/uploads\/2022\/12\/Stranger-in-the-night-Bert-Kaempfert-Story-768x1084.jpg 768w\" sizes=\"auto, (max-width: 850px) 100vw, 850px\" \/>\n                      <div class=\"h-image__frame h-hide-lg h-hide-md h-hide-sm style-594-frameImage style-local-1346-c10-frameImage\"><\/div>\n                    <\/div>\n                  <\/div>\n                <\/div>\n              <\/div>\n            <\/div>\n          <\/div>\n          <div class=\"h-column h-column-container d-flex h-col-lg-auto h-col-md-auto h-col-auto style-593-outer style-local-1346-c9-outer\">\n            <div data-colibri-id=\"1346-c9\" class=\"d-flex h-flex-basis h-column__inner h-px-lg-2 h-px-md-2 h-px-2 v-inner-lg-2 v-inner-md-2 v-inner-2 style-593 style-local-1346-c9 position-relative\">\n              <!---->\n              <!---->\n              <div class=\"w-100 h-y-container h-column__content h-column__v-align flex-basis-100 align-self-lg-start align-self-md-start align-self-start\">\n                <!---->\n                <div data-colibri-id=\"1346-c11\" class=\"h-global-transition-all h-heading style-595 style-local-1346-c11 position-relative h-element\">\n                  <!---->\n                  <div class=\"h-heading__outer style-595 style-local-1346-c11\">\n                    <!---->\n                    <!---->\n                    <h2 class=\"\">Strangers in the Night \u2013 The Bert Kaempfert Story<\/h2>\n                  <\/div>\n                <\/div>\n                <div data-colibri-id=\"1346-c12\" class=\"h-text h-text-component style-596 style-local-1346-c12 position-relative h-element\">\n                  <!---->\n                  <!---->\n                  <div class=\"\">\n                    <p>Bert\n                      <a href=\"about:blank\"> <\/a>Kaempfert&nbsp;(1923\u20131980), one of the most famous representatives of easy listening, developed his own unmistakable style early on with titles such as&nbsp;Danke\n                      <a href=\"about:blank\"> <\/a>Schoen,&nbsp;A\n                      <a href=\"about:blank\"> <\/a>Swingin\u2019\n                      <a href=\"about:blank\"> <\/a>Safari, and&nbsp;Red Roses for a Blue Lady\u2014and made music history. He discovered and produced&nbsp;The Beatles, arranged for&nbsp;Elvis Presley, and helped&nbsp;Al Martino&nbsp;make a comeback with&nbsp;Spanish Eyes. His own\n                      biggest success was&nbsp;Strangers in the Night\u2014a century-defining hit.&nbsp;&nbsp;\n                      <br>\n                    <\/p>\n                    <p>But the road to his breakthrough was long and rocky. The saying about a prophet being without honor in his own country certainly applied to the Hamburg native, because the long-awaited success only came in the United States. \u201cThe most\n                      fascinating German export since Dietrich,\u201d wrote an editor of the&nbsp;Sunday Ledger Inquirer&nbsp;in 1961 about Kaempfert\u2019s major success with&nbsp;Wonderland by Night, the first No. 1 hit by a German artist in the U.S.&nbsp;&nbsp;\n                      <br>\n                    <\/p>\n                    <p>Around 400 compositions and more than 750 arrangements came from his pen and made him immortal. By 1980 he had sold more than 150 million records.&nbsp;&nbsp;<\/p>\n                    <p><strong>Bert Kaempfert \u2013 first broadcast:<\/strong>&nbsp;22 November 2003 on&nbsp;NDR Fernsehen&nbsp;(12.2% audience share)<\/p>\n                  <\/div>\n                <\/div>\n                <div data-colibri-id=\"1346-c13\" class=\"h-x-container style-597 style-local-1346-c13 position-relative h-element\">\n                  <!---->\n                  <div class=\"h-x-container-inner style-dynamic-1346-c13-group style-597-spacing style-local-1346-c13-spacing\"><span class=\"h-button__outer style-598-outer style-local-1346-c14-outer d-inline-flex h-element\"><a h-use-smooth-scroll=\"true\" href=\"https:\/\/www.amazon.de\/Strangers-Night-Bert-Kaempfert-Story\/dp\/B00S8COGOI\/ref=sr_1_2?__mk_de_DE=\u00c5M\u00c5\u017d\u00d5\u00d1&amp;dchild=1&amp;keywords=Bert+Kaempfert+marc+boettcher&amp;qid=1615192815&amp;s=dvd&amp;sr=1-2\"  data-colibri-id=\"1346-c14\" class=\"d-flex w-100 align-items-center h-button justify-content-lg-center justify-content-md-center justify-content-center style-598 style-local-1346-c14 position-relative\"><!----><!----> <span>buy now<\/span><\/a>\n                    <\/span>\n                  <\/div>\n                <\/div>\n              <\/div>\n            <\/div>\n          <\/div>\n        <\/div>\n      <\/div>\n      <div data-colibri-id=\"1346-c15\" class=\"h-row-container gutters-row-lg-2 gutters-row-md-2 gutters-row-0 gutters-row-v-lg-2 gutters-row-v-md-2 gutters-row-v-2 style-599 style-local-1346-c15 position-relative\">\n        <!---->\n        <div class=\"h-row justify-content-lg-center justify-content-md-center justify-content-center align-items-lg-stretch align-items-md-stretch align-items-stretch gutters-col-lg-2 gutters-col-md-2 gutters-col-0 gutters-col-v-lg-2 gutters-col-v-md-2 gutters-col-v-2\">\n          <!---->\n          <div class=\"h-column h-column-container d-flex h-col-lg-6 h-col-md-6 h-col-12 style-600-outer style-local-1346-c16-outer\">\n            <div data-colibri-id=\"1346-c16\" class=\"d-flex h-flex-basis h-column__inner h-px-lg-2 h-px-md-2 h-px-2 v-inner-lg-2 v-inner-md-2 v-inner-2 style-600 style-local-1346-c16 position-relative\">\n              <!---->\n              <!---->\n              <div class=\"w-100 h-y-container h-column__content h-column__v-align flex-basis-100 align-self-lg-start align-self-md-start align-self-start\">\n                <!---->\n                <div data-colibri-id=\"1346-c25\" class=\"h-text h-text-component style-609 style-local-1346-c25 position-relative h-element\">\n                  <!---->\n                  <!---->\n                  <div class=\"\">\n                    <p>\u201cNot only for nostalgics and harmony researchers\u2014a great reason to spend Saturday evening at home.\u201d (taz)&nbsp;&nbsp;<\/p>\n                    <p>\u201cSubtle, light-handed, and with a loving eye for detail!\u201d (S\u00fcddeutsche Zeitung)&nbsp;&nbsp;<\/p>\n                    <p>\u201c\u2026a wonderful film. A worthy tribute.\u201d (Kieler Nachrichten)&nbsp;&nbsp;<\/p>\n                    <p>\u201c\u2026not a second is boring.\u201d (L\u00fcbecker Nachrichten)&nbsp;&nbsp;<\/p>\n                    <p>\u201c\u2026an impressive look behind the scenes of show business.\u201d (Deutschland Radio Berlin)&nbsp;&nbsp;<\/p>\n                    <p>\u201cBoettcher\u2019s sensitive portrait not only paints a picture of the brilliant composer and arranger, but also a cultural history of his era.\u201d (Stern)&nbsp;&nbsp;<\/p>\n                    <p>\u201cIn his affectionate documentary, Marc Boettcher honors the legend of swing and easy listening with facts and anecdotes alike\u2014and draws a highly entertaining arc across almost six decades.\u201d (TV Spielfilm)<\/p>\n                  <\/div>\n                <\/div>\n              <\/div>\n            <\/div>\n          <\/div>\n          <div class=\"h-column h-column-container d-flex h-col-lg-6 h-col-md-6 h-col-12 style-601-outer style-local-1346-c17-outer\">\n            <div data-colibri-id=\"1346-c17\" class=\"d-flex h-flex-basis h-column__inner h-px-lg-2 h-px-md-2 h-px-2 v-inner-lg-2 v-inner-md-2 v-inner-2 style-601 style-local-1346-c17 position-relative\">\n              <!---->\n              <!---->\n              <div class=\"w-100 h-y-container h-column__content h-column__v-align flex-basis-100 align-self-lg-center align-self-md-center align-self-center\">\n                <!---->\n                <div data-colibri-id=\"1346-c24\" class=\"h-global-transition-all h-heading style-608 style-local-1346-c24 position-relative h-element\">\n                  <!---->\n                  <div class=\"h-heading__outer style-608 style-local-1346-c24\">\n                    <!---->\n                    <!---->\n                    <h3 class=\"\">Reviews<\/h3>\n                  <\/div>\n                <\/div>\n              <\/div>\n            <\/div>\n          <\/div>\n        <\/div>\n      <\/div>\n      <div data-colibri-id=\"1346-c18\" class=\"h-row-container gutters-row-lg-2 gutters-row-md-2 gutters-row-0 gutters-row-v-lg-2 gutters-row-v-md-2 gutters-row-v-2 style-602 style-local-1346-c18 position-relative\">\n        <!---->\n        <div class=\"h-row justify-content-lg-center justify-content-md-center justify-content-center align-items-lg-stretch align-items-md-stretch align-items-stretch gutters-col-lg-2 gutters-col-md-2 gutters-col-0 gutters-col-v-lg-2 gutters-col-v-md-2 gutters-col-v-2\">\n          <!---->\n          <div class=\"h-column h-column-container d-flex h-col-lg-6 h-col-md-6 h-col-12 style-603-outer style-local-1346-c19-outer\">\n            <div data-colibri-id=\"1346-c19\" class=\"d-flex h-flex-basis h-column__inner h-px-lg-2 h-px-md-2 h-px-2 v-inner-lg-2 v-inner-md-2 v-inner-2 style-603 style-local-1346-c19 position-relative\">\n              <!---->\n              <!---->\n              <div class=\"w-100 h-y-container h-column__content h-column__v-align flex-basis-100 align-self-lg-center align-self-md-center align-self-center\">\n                <!---->\n                <div data-colibri-id=\"1346-c26\" class=\"h-global-transition-all h-heading style-610 style-local-1346-c26 position-relative h-element\">\n                  <!---->\n                  <div class=\"h-heading__outer style-610 style-local-1346-c26\">\n                    <!---->\n                    <!---->\n                    <h3 class=\"\">Trailer<\/h3>\n                  <\/div>\n                <\/div>\n              <\/div>\n            <\/div>\n          <\/div>\n          <div class=\"h-column h-column-container d-flex h-col-lg-6 h-col-md-6 h-col-12 style-604-outer style-local-1346-c20-outer\">\n            <div data-colibri-id=\"1346-c20\" class=\"d-flex h-flex-basis h-column__inner h-px-lg-2 h-px-md-2 h-px-2 v-inner-lg-2 v-inner-md-2 v-inner-2 style-604 style-local-1346-c20 position-relative\">\n              <!---->\n              <!---->\n              <div class=\"w-100 h-y-container h-column__content h-column__v-align flex-basis-100 align-self-lg-start align-self-md-start align-self-start\">\n                <!---->\n                <div data-colibri-component=\"video\" data-colibri-id=\"1346-c27\" class=\"d-block h-video d-block h-video style-611 style-local-1346-c27 position-relative h-element\">\n                  <!---->\n                  <!---->\n                  <div class=\"video-container position-relative\">\n                    <div class=\"h-global-transition-all ratio-inner\"><video class='h-video-main' controls ><source src=https:\/\/en.boettcher-film.de\/wp-content\/uploads\/2022\/12\/Bert-Kaempfert-Trailer.mp4 type='video\/mp4' \/><\/video><\/div>\n                  <\/div>\n                <\/div>\n              <\/div>\n            <\/div>\n          <\/div>\n        <\/div>\n      <\/div>\n    <\/div>\n  <\/div>\n  <div data-colibri-component=\"section\" data-colibri-id=\"1346-c29\" id=\"custom-2\" class=\"h-section h-section-global-spacing d-flex align-items-lg-center align-items-md-center align-items-center style-613 style-local-1346-c29 position-relative\">\n    <!---->\n    <!---->\n    <div class=\"h-section-grid-container h-section-boxed-container\">\n      <!---->\n      <div data-colibri-id=\"1346-c32\" class=\"h-row-container gutters-row-lg-2 gutters-row-md-2 gutters-row-0 gutters-row-v-lg-2 gutters-row-v-md-2 gutters-row-v-2 style-616 style-local-1346-c32 position-relative\">\n        <!---->\n        <div class=\"h-row justify-content-lg-center justify-content-md-center justify-content-center align-items-lg-stretch align-items-md-stretch align-items-stretch gutters-col-lg-2 gutters-col-md-2 gutters-col-0 gutters-col-v-lg-2 gutters-col-v-md-2 gutters-col-v-2\">\n          <!---->\n          <div class=\"h-column h-column-container d-flex h-col-lg-auto h-col-md-auto h-col-auto style-617-outer style-local-1346-c33-outer\">\n            <div data-colibri-id=\"1346-c33\" class=\"d-flex h-flex-basis h-column__inner h-px-lg-2 h-px-md-2 h-px-2 v-inner-lg-2 v-inner-md-2 v-inner-2 style-617 style-local-1346-c33 position-relative\">\n              <!---->\n              <!---->\n              <div class=\"w-100 h-y-container h-column__content h-column__v-align flex-basis-100 align-self-lg-start align-self-md-start align-self-start\">\n                <!---->\n                <div data-colibri-id=\"1346-c34\" class=\"h-global-transition-all h-heading style-618 style-local-1346-c34 position-relative h-element\">\n                  <!---->\n                  <div class=\"h-heading__outer style-618 style-local-1346-c34\">\n                    <!---->\n                    <!---->\n                    <h3 class=\"\">Broadcasts<\/h3>\n                  <\/div>\n                <\/div>\n              <\/div>\n            <\/div>\n          <\/div>\n        <\/div>\n      <\/div>\n      <div data-colibri-id=\"1346-c30\" class=\"h-row-container gutters-row-lg-2 gutters-row-md-2 gutters-row-0 gutters-row-v-lg-2 gutters-row-v-md-2 gutters-row-v-2 style-614 style-local-1346-c30 position-relative\">\n        <!---->\n        <div class=\"h-row justify-content-lg-center justify-content-md-center justify-content-center align-items-lg-stretch align-items-md-stretch align-items-stretch gutters-col-lg-2 gutters-col-md-2 gutters-col-0 gutters-col-v-lg-2 gutters-col-v-md-2 gutters-col-v-2\">\n          <!---->\n          <div class=\"h-column h-column-container d-flex h-col-lg-auto h-col-md-auto h-col-auto style-615-outer style-local-1346-c31-outer\">\n            <div data-colibri-id=\"1346-c31\" class=\"d-flex h-flex-basis h-column__inner h-px-lg-2 h-px-md-2 h-px-2 v-inner-lg-2 v-inner-md-2 v-inner-2 style-615 style-local-1346-c31 position-relative\">\n              <!---->\n              <!---->\n              <div class=\"w-100 h-y-container h-column__content h-column__v-align flex-basis-100 align-self-lg-start align-self-md-start align-self-start\">\n                <!---->\n                <div data-colibri-id=\"1346-c35\" class=\"style-619 style-local-1346-c35 position-relative h-element\">\n                  <!---->\n                  <div class=\"\">\n<table id=\"tablepress-1\" class=\"tablepress tablepress-id-1\">\n<thead>\n<tr class=\"row-1\">\n\t<th class=\"column-1\">Datum<\/th><th class=\"column-2\">Sender<\/th><th class=\"column-3\">Anteil<\/th><th class=\"column-4\">Zuschauer<\/th><th class=\"column-5\">Zeit<\/th>\n<\/tr>\n<\/thead>\n<tbody class=\"row-striping row-hover\">\n<tr class=\"row-2\">\n\t<td class=\"column-1\">22.11.2003<\/td><td class=\"column-2\">NDR<\/td><td class=\"column-3\">12,2%<\/td><td class=\"column-4\">520.000<\/td><td class=\"column-5\">22:00 Uhr<\/td>\n<\/tr>\n<tr class=\"row-3\">\n\t<td class=\"column-1\"><\/td><td class=\"column-2\">nationwide<\/td><td class=\"column-3\">7%<\/td><td class=\"column-4\">1,14 million<\/td><td class=\"column-5\"><\/td>\n<\/tr>\n<tr class=\"row-4\">\n\t<td class=\"column-1\">26.01.2024<\/td><td class=\"column-2\">NDR<\/td><td class=\"column-3\">9,1%<\/td><td class=\"column-4\">70.000<\/td><td class=\"column-5\">0:00 Uhr<\/td>\n<\/tr>\n<tr class=\"row-5\">\n\t<td class=\"column-1\">28.03.2024<\/td><td class=\"column-2\">BR<\/td><td class=\"column-3\">8,1%<\/td><td class=\"column-4\">130.000<\/td><td class=\"column-5\">22:40 Uhr<\/td>\n<\/tr>\n<tr class=\"row-6\">\n\t<td class=\"column-1\">02.05.2024<\/td><td class=\"column-2\">NDR<\/td><td class=\"column-3\">7,7%<\/td><td class=\"column-4\">140.000<\/td><td class=\"column-5\">11:00 Uhr<\/td>\n<\/tr>\n<tr class=\"row-7\">\n\t<td class=\"column-1\">30.05.2004<\/td><td class=\"column-2\">WDR<\/td><td class=\"column-3\">6,8%<\/td><td class=\"column-4\">90.000<\/td><td class=\"column-5\">23:55 Uhr<\/td>\n<\/tr>\n<tr class=\"row-8\">\n\t<td class=\"column-1\"><\/td><td class=\"column-2\">nationwide<\/td><td class=\"column-3\">3,6%<\/td><td class=\"column-4\">220.000<\/td><td class=\"column-5\"><\/td>\n<\/tr>\n<tr class=\"row-9\">\n\t<td class=\"column-1\">02.12.2004<\/td><td class=\"column-2\">SWR<\/td><td class=\"column-3\">7,5%<\/td><td class=\"column-4\">80.000<\/td><td class=\"column-5\">0:00 Uhr<\/td>\n<\/tr>\n<tr class=\"row-10\">\n\t<td class=\"column-1\">31.12.2004<\/td><td class=\"column-2\">BR<\/td><td class=\"column-3\">10,1%<\/td><td class=\"column-4\">100.000<\/td><td class=\"column-5\">10:40 Uhr<\/td>\n<\/tr>\n<tr class=\"row-11\">\n\t<td class=\"column-1\">11.01.2005<\/td><td class=\"column-2\">RBB<\/td><td class=\"column-3\">8,8%<\/td><td class=\"column-4\">70.000<\/td><td class=\"column-5\">23:00 Uhr<\/td>\n<\/tr>\n<tr class=\"row-12\">\n\t<td class=\"column-1\">17.07.2008<\/td><td class=\"column-2\">NDR<\/td><td class=\"column-3\">8,5%<\/td><td class=\"column-4\">130.000<\/td><td class=\"column-5\">23:05 Uhr<\/td>\n<\/tr>\n<tr class=\"row-13\">\n\t<td class=\"column-1\">13.08.2009<\/td><td class=\"column-2\">NDR<\/td><td class=\"column-3\">9,4%<\/td><td class=\"column-4\">160.000<\/td><td class=\"column-5\">23:45 Uhr<\/td>\n<\/tr>\n<tr class=\"row-14\">\n\t<td class=\"column-1\">06.07.2010<\/td><td class=\"column-2\">NDR<\/td><td class=\"column-3\">9,1%<\/td><td class=\"column-4\">170.000<\/td><td class=\"column-5\">23:15 Uhr<\/td>\n<\/tr>\n<\/tbody>\n<\/table>\n<!-- #tablepress-1 from cache --><\/div>\n                <\/div>\n                <div data-colibri-id=\"1346-c36\" class=\"h-text h-text-component style-620 style-local-1346-c36 position-relative h-element\">\n                  <!---->\n                  <!---->\n                  <div class=\"\">\n                    <p><strong>World premiere<\/strong>&nbsp;during the \u201c45th Nordic Film Days L\u00fcbeck\u201d in L\u00fcbeck: 30 Oct 2003.<\/p>\n                  <\/div>\n                <\/div>\n              <\/div>\n            <\/div>\n          <\/div>\n        <\/div>\n      <\/div>\n    <\/div>\n  <\/div>\n<\/div>","protected":false},"excerpt":{"rendered":"<p>Strangers in the Night \u2013 The Bert Kaempfert Story Bert Kaempfert&nbsp;(1923\u20131980), one of the most famous representatives of easy listening, developed his own unmistakable style early on with titles such as&nbsp;Danke Schoen,&nbsp;A Swingin\u2019 Safari, and&nbsp;Red Roses for a Blue Lady\u2014and made music history. He discovered and produced&nbsp;The Beatles, arranged for&nbsp;Elvis Presley, and helped&nbsp;Al Martino&nbsp;make a [&hellip;]<\/p>\n","protected":false},"author":1,"featured_media":0,"parent":0,"menu_order":0,"comment_status":"closed","ping_status":"closed","template":"page-templates\/full-width-page.php","meta":{"footnotes":""},"class_list":["post-1346","page","type-page","status-publish","hentry"],"_links":{"self":[{"href":"https:\/\/en.boettcher-film.de\/index.php?rest_route=\/wp\/v2\/pages\/1346","targetHints":{"allow":["GET"]}}],"collection":[{"href":"https:\/\/en.boettcher-film.de\/index.php?rest_route=\/wp\/v2\/pages"}],"about":[{"href":"https:\/\/en.boettcher-film.de\/index.php?rest_route=\/wp\/v2\/types\/page"}],"author":[{"embeddable":true,"href":"https:\/\/en.boettcher-film.de\/index.php?rest_route=\/wp\/v2\/users\/1"}],"replies":[{"embeddable":true,"href":"https:\/\/en.boettcher-film.de\/index.php?rest_route=%2Fwp%2Fv2%2Fcomments&post=1346"}],"version-history":[{"count":4,"href":"https:\/\/en.boettcher-film.de\/index.php?rest_route=\/wp\/v2\/pages\/1346\/revisions"}],"predecessor-version":[{"id":3777,"href":"https:\/\/en.boettcher-film.de\/index.php?rest_route=\/wp\/v2\/pages\/1346\/revisions\/3777"}],"wp:attachment":[{"href":"https:\/\/en.boettcher-film.de\/index.php?rest_route=%2Fwp%2Fv2%2Fmedia&parent=1346"}],"curies":[{"name":"wp","href":"https:\/\/api.w.org\/{rel}","templated":true}]}}