{"id":1451,"date":"2023-01-22T11:06:28","date_gmt":"2023-01-22T10:06:28","guid":{"rendered":"https:\/\/update.boettcher-film.de\/buch-siegfried-behrend-belina\/"},"modified":"2026-02-19T10:50:57","modified_gmt":"2026-02-19T10:50:57","slug":"buch-siegfried-behrend-belina","status":"publish","type":"page","link":"https:\/\/en.boettcher-film.de\/?page_id=1451","title":{"rendered":"Buch Siegfried Behrend &#038; Belina"},"content":{"rendered":"<div data-colibri-id=\"1451-c1\" class=\"style-798 style-local-1451-c1 position-relative\">\n  <!---->\n  <div data-colibri-component=\"section\" data-colibri-id=\"1451-c6\" id=\"custom\" class=\"h-section h-section-global-spacing d-flex align-items-lg-center align-items-md-center align-items-center style-803 style-local-1451-c6 position-relative\">\n    <!---->\n    <!---->\n    <div class=\"h-section-grid-container h-section-fluid-container\">\n      <!---->\n      <div data-colibri-id=\"1451-c7\" class=\"h-row-container gutters-row-lg-2 gutters-row-md-2 gutters-row-0 gutters-row-v-lg-2 gutters-row-v-md-2 gutters-row-v-2 style-804 style-local-1451-c7 position-relative\">\n        <!---->\n        <div class=\"h-row justify-content-lg-center justify-content-md-center justify-content-center align-items-lg-stretch align-items-md-stretch align-items-stretch gutters-col-lg-2 gutters-col-md-2 gutters-col-0 gutters-col-v-lg-2 gutters-col-v-md-2 gutters-col-v-2\">\n          <!---->\n          <div class=\"h-column h-column-container d-flex h-col-lg-auto h-col-md-auto h-col-auto style-805-outer style-local-1451-c8-outer\">\n            <div data-colibri-id=\"1451-c8\" class=\"d-flex h-flex-basis h-column__inner h-px-lg-2 h-px-md-2 h-px-2 v-inner-lg-2 v-inner-md-2 v-inner-2 style-805 style-local-1451-c8 position-relative\">\n              <!---->\n              <!---->\n              <div class=\"w-100 h-y-container h-column__content h-column__v-align flex-basis-100 align-self-lg-start align-self-md-start align-self-start\">\n                <!---->\n                <div data-colibri-id=\"1451-c10\" class=\"d-block style-807 style-local-1451-c10 position-relative h-element\">\n                  <!---->\n                  <div class=\"h-image__frame-container-outer\">\n                    <div class=\"h-image__frame-container\">\n                      <!---->\n                      <!---->\n                      <img loading=\"lazy\" decoding=\"async\" width=\"1128\" height=\"1600\" src=\"https:\/\/en.boettcher-film.de\/wp-content\/uploads\/2023\/01\/Siegfried-Behrend-und-Belina-Buch.jpeg\" class=\"wp-image-226 style-807-image style-local-1451-c10-image\" alt=\"\" srcset=\"https:\/\/en.boettcher-film.de\/wp-content\/uploads\/2023\/01\/Siegfried-Behrend-und-Belina-Buch.jpeg 1128w, https:\/\/en.boettcher-film.de\/wp-content\/uploads\/2023\/01\/Siegfried-Behrend-und-Belina-Buch-212x300.jpeg 212w, https:\/\/en.boettcher-film.de\/wp-content\/uploads\/2023\/01\/Siegfried-Behrend-und-Belina-Buch-722x1024.jpeg 722w, https:\/\/en.boettcher-film.de\/wp-content\/uploads\/2023\/01\/Siegfried-Behrend-und-Belina-Buch-768x1089.jpeg 768w, https:\/\/en.boettcher-film.de\/wp-content\/uploads\/2023\/01\/Siegfried-Behrend-und-Belina-Buch-1083x1536.jpeg 1083w\" sizes=\"auto, (max-width: 1128px) 100vw, 1128px\" \/>\n                      <div class=\"h-image__frame h-hide-lg h-hide-md h-hide-sm style-807-frameImage style-local-1451-c10-frameImage\"><\/div>\n                    <\/div>\n                  <\/div>\n                <\/div>\n              <\/div>\n            <\/div>\n          <\/div>\n          <div class=\"h-column h-column-container d-flex h-col-lg-auto h-col-md-auto h-col-auto style-806-outer style-local-1451-c9-outer\">\n            <div data-colibri-id=\"1451-c9\" class=\"d-flex h-flex-basis h-column__inner h-px-lg-2 h-px-md-2 h-px-2 v-inner-lg-2 v-inner-md-2 v-inner-2 style-806 style-local-1451-c9 position-relative\">\n              <!---->\n              <!---->\n              <div class=\"w-100 h-y-container h-column__content h-column__v-align flex-basis-100 align-self-lg-start align-self-md-start align-self-start\">\n                <!---->\n                <div data-colibri-id=\"1451-c11\" class=\"h-global-transition-all h-heading style-808 style-local-1451-c11 position-relative h-element\">\n                  <!---->\n                  <div class=\"h-heading__outer style-808 style-local-1451-c11\">\n                    <!---->\n                    <!---->\n                    <h1 class=\"\">Siegfried Behrend<\/h1>\n                  <\/div>\n                <\/div>\n                <div data-colibri-id=\"1451-c12\" class=\"h-text h-text-component style-809 style-local-1451-c12 position-relative h-element\">\n                  <!---->\n                  <!---->\n                  <div class=\"\">\n                    <p>This book commemorates the \u201cFather of Guitar Artistry\u201d and recalls the life and life\u2019s work of this exceptional musical figure in 20th-century Germany. It includes contributions about Siegfried Behrend himself as well as topics that\n                      were particularly close to his heart\u2014among them his collaboration with the singers Pilar Lorengar and Belina, his commitment to the Bund Deutscher Zupfmusiker and the Goethe-Institut, and a look into his private life.<\/p>\n                    <p>With contributions by Marc Boettcher, R\u00fcdiger Grambow, Matthias Henke, Martin Maria Kr\u00fcger, Manuel Negwer, Helmut Richter, Michael Tr\u00f6ster.This is a greatly expanded and updated new edition of the book \u201cStationen\u201d, published on the\n                      occasion of Siegfried Behrend\u2019s 85th birthday in November 2018. <\/p>\n                    <p>With numerous illustrations, concert posters and programmes, private photographs, and lists\u2014\u201cstations\u201d not only in a figurative sense, but also quite literally.<\/p>\n                    <p>\n                      <br>\n                    <\/p>\n                    <p>Paperback, 200 pages (richly illustrated, full colour), German.<\/p>\n                    <p>Publisher: BoD, 2nd expanded edition.&nbsp;RRP: \u20ac9.95<\/p>\n                    <p>ISBN-13: 978-3746056524<\/p>\n                  <\/div>\n                <\/div>\n                <div data-colibri-id=\"1451-c13\" class=\"h-x-container style-810 style-local-1451-c13 position-relative h-element\">\n                  <!---->\n                  <div class=\"h-x-container-inner style-dynamic-1451-c13-group style-810-spacing style-local-1451-c13-spacing\"><span class=\"h-button__outer style-811-outer style-local-1451-c14-outer d-inline-flex h-element\"><a h-use-smooth-scroll=\"true\" href=\"https:\/\/www.amazon.de\/Siegfried-Behrend-Stationen-Helmut-Richter\/dp\/3746056527\/ref=sr_1_4?__mk_de_DE=\u00c5M\u00c5\u017d\u00d5\u00d1&amp;dchild=1&amp;keywords=Siegfried+Behrend&amp;qid=1615211380&amp;sr=8-4\"  data-colibri-id=\"1451-c14\" class=\"d-flex w-100 align-items-center h-button justify-content-lg-center justify-content-md-center justify-content-center style-811 style-local-1451-c14 position-relative\"><!----><!----> <span>Buy the book<\/span><\/a>\n                    <\/span>\n                  <\/div>\n                <\/div>\n              <\/div>\n            <\/div>\n          <\/div>\n        <\/div>\n      <\/div>\n    <\/div>\n  <\/div>\n<\/div>","protected":false},"excerpt":{"rendered":"<p>Siegfried Behrend This book commemorates the \u201cFather of Guitar Artistry\u201d and recalls the life and life\u2019s work of this exceptional musical figure in 20th-century Germany. It includes contributions about Siegfried Behrend himself as well as topics that were particularly close to his heart\u2014among them his collaboration with the singers Pilar Lorengar and Belina, his commitment [&hellip;]<\/p>\n","protected":false},"author":1,"featured_media":0,"parent":0,"menu_order":0,"comment_status":"closed","ping_status":"closed","template":"page-templates\/full-width-page.php","meta":{"footnotes":""},"class_list":["post-1451","page","type-page","status-publish","hentry"],"_links":{"self":[{"href":"https:\/\/en.boettcher-film.de\/index.php?rest_route=\/wp\/v2\/pages\/1451","targetHints":{"allow":["GET"]}}],"collection":[{"href":"https:\/\/en.boettcher-film.de\/index.php?rest_route=\/wp\/v2\/pages"}],"about":[{"href":"https:\/\/en.boettcher-film.de\/index.php?rest_route=\/wp\/v2\/types\/page"}],"author":[{"embeddable":true,"href":"https:\/\/en.boettcher-film.de\/index.php?rest_route=\/wp\/v2\/users\/1"}],"replies":[{"embeddable":true,"href":"https:\/\/en.boettcher-film.de\/index.php?rest_route=%2Fwp%2Fv2%2Fcomments&post=1451"}],"version-history":[{"count":1,"href":"https:\/\/en.boettcher-film.de\/index.php?rest_route=\/wp\/v2\/pages\/1451\/revisions"}],"predecessor-version":[{"id":3911,"href":"https:\/\/en.boettcher-film.de\/index.php?rest_route=\/wp\/v2\/pages\/1451\/revisions\/3911"}],"wp:attachment":[{"href":"https:\/\/en.boettcher-film.de\/index.php?rest_route=%2Fwp%2Fv2%2Fmedia&parent=1451"}],"curies":[{"name":"wp","href":"https:\/\/api.w.org\/{rel}","templated":true}]}}