{"id":1461,"date":"2023-01-22T11:14:21","date_gmt":"2023-01-22T10:14:21","guid":{"rendered":"https:\/\/update.boettcher-film.de\/buch-inge-brandenburg\/"},"modified":"2026-02-19T11:02:57","modified_gmt":"2026-02-19T11:02:57","slug":"buch-inge-brandenburg","status":"publish","type":"page","link":"https:\/\/en.boettcher-film.de\/?page_id=1461","title":{"rendered":"Buch Inge Brandenburg"},"content":{"rendered":"<div data-colibri-id=\"1461-c1\" class=\"style-812 style-local-1461-c1 position-relative\">\n  <!---->\n  <div data-colibri-component=\"section\" data-colibri-id=\"1461-c6\" id=\"custom\" class=\"h-section h-section-global-spacing d-flex align-items-lg-center align-items-md-center align-items-center style-817 style-local-1461-c6 position-relative\">\n    <!---->\n    <!---->\n    <div class=\"h-section-grid-container h-section-fluid-container\">\n      <!---->\n      <div data-colibri-id=\"1461-c7\" class=\"h-row-container gutters-row-lg-2 gutters-row-md-2 gutters-row-0 gutters-row-v-lg-2 gutters-row-v-md-2 gutters-row-v-2 style-818 style-local-1461-c7 position-relative\">\n        <!---->\n        <div class=\"h-row justify-content-lg-center justify-content-md-center justify-content-center align-items-lg-stretch align-items-md-stretch align-items-stretch gutters-col-lg-2 gutters-col-md-2 gutters-col-0 gutters-col-v-lg-2 gutters-col-v-md-2 gutters-col-v-2\">\n          <!---->\n          <div class=\"h-column h-column-container d-flex h-col-lg-auto h-col-md-auto h-col-auto style-819-outer style-local-1461-c8-outer\">\n            <div data-colibri-id=\"1461-c8\" class=\"d-flex h-flex-basis h-column__inner h-px-lg-2 h-px-md-2 h-px-2 v-inner-lg-2 v-inner-md-2 v-inner-2 style-819 style-local-1461-c8 position-relative\">\n              <!---->\n              <!---->\n              <div class=\"w-100 h-y-container h-column__content h-column__v-align flex-basis-100 align-self-lg-start align-self-md-start align-self-start\">\n                <!---->\n                <div data-colibri-id=\"1461-c10\" class=\"d-block style-821 style-local-1461-c10 position-relative h-element\">\n                  <!---->\n                  <div class=\"h-image__frame-container-outer\">\n                    <div class=\"h-image__frame-container\">\n                      <!---->\n                      <!---->\n                      <img loading=\"lazy\" decoding=\"async\" width=\"1772\" height=\"2481\" src=\"https:\/\/en.boettcher-film.de\/wp-content\/uploads\/2022\/12\/Irene-Brandenburg-Buch.jpg\" class=\"wp-image-135 style-821-image style-local-1461-c10-image\" alt=\"\" srcset=\"https:\/\/en.boettcher-film.de\/wp-content\/uploads\/2022\/12\/Irene-Brandenburg-Buch.jpg 1772w, https:\/\/en.boettcher-film.de\/wp-content\/uploads\/2022\/12\/Irene-Brandenburg-Buch-214x300.jpg 214w, https:\/\/en.boettcher-film.de\/wp-content\/uploads\/2022\/12\/Irene-Brandenburg-Buch-731x1024.jpg 731w, https:\/\/en.boettcher-film.de\/wp-content\/uploads\/2022\/12\/Irene-Brandenburg-Buch-768x1075.jpg 768w, https:\/\/en.boettcher-film.de\/wp-content\/uploads\/2022\/12\/Irene-Brandenburg-Buch-1097x1536.jpg 1097w, https:\/\/en.boettcher-film.de\/wp-content\/uploads\/2022\/12\/Irene-Brandenburg-Buch-1463x2048.jpg 1463w\" sizes=\"auto, (max-width: 1772px) 100vw, 1772px\" \/>\n                      <div class=\"h-image__frame h-hide-lg h-hide-md h-hide-sm style-821-frameImage style-local-1461-c10-frameImage\"><\/div>\n                    <\/div>\n                  <\/div>\n                <\/div>\n              <\/div>\n            <\/div>\n          <\/div>\n          <div class=\"h-column h-column-container d-flex h-col-lg-auto h-col-md-auto h-col-auto style-820-outer style-local-1461-c9-outer\">\n            <div data-colibri-id=\"1461-c9\" class=\"d-flex h-flex-basis h-column__inner h-px-lg-2 h-px-md-2 h-px-2 v-inner-lg-2 v-inner-md-2 v-inner-2 style-820 style-local-1461-c9 position-relative\">\n              <!---->\n              <!---->\n              <div class=\"w-100 h-y-container h-column__content h-column__v-align flex-basis-100 align-self-lg-start align-self-md-start align-self-start\">\n                <!---->\n                <div data-colibri-id=\"1461-c11\" class=\"h-global-transition-all h-heading style-822 style-local-1461-c11 position-relative h-element\">\n                  <!---->\n                  <div class=\"h-heading__outer style-822 style-local-1461-c11\">\n                    <!---->\n                    <!---->\n                    <h1 class=\"\">Sing! Inge, Sing!<\/h1>\n                  <\/div>\n                <\/div>\n                <div data-colibri-id=\"1461-c12\" class=\"h-global-transition-all h-heading style-823 style-local-1461-c12 position-relative h-element\">\n                  <!---->\n                  <div class=\"h-heading__outer style-823 style-local-1461-c12\">\n                    <!---->\n                    <!---->\n                    <h4 class=\"\">The Broken Dream of Inge Brandenburg<\/h4>\n                  <\/div>\n                <\/div>\n                <div data-colibri-id=\"1461-c13\" class=\"h-text h-text-component style-824 style-local-1461-c13 position-relative h-element\">\n                  <!---->\n                  <!---->\n                  <div class=\"\">\n                    <p>\u201cDetailed and easy to read! (\u2026) A fitting monument. Not only jazz fans will find access to it, but anyone interested in musicians who show personality!\u201d (MDR Kultur)<span><br><\/span><\/p>\n                    <p>\u201cAn important puzzle piece of German jazz history.\u201d (NDR INFO \u201cPlay Jazz\u201d)<span><br><\/span><\/p>\n                    <p>\u201c\u2026a highly exciting biography of the German jazz voice!\u201d (Swinging Hamburg Journal)<span><br><\/span><\/p>\n                    <p><span>\u201cWith great sensitivity, Marc Boettcher reconstructs the broken dream of a gifted singer.\u201d (Jazzpodium)<\/span><\/p>\n                    <p>\u201cA moving and at the same time illuminating read about a remarkable yet tragic musician, told in a gripping way not only for music lovers.\u201d (AVIVA \u2013 Online Magazine for Women)<\/p>\n                    <p>\u201cBoettcher\u2019s commendable work cannot be praised highly enough in this age of interchangeable book releases.\u201d (Just For Swing)<\/p>\n                    <p>\n                      <br>\n                    <\/p>\n                  <\/div>\n                <\/div>\n                <div data-colibri-id=\"1461-c14\" class=\"h-x-container style-825 style-local-1461-c14 position-relative h-element\">\n                  <!---->\n                  <div class=\"h-x-container-inner style-dynamic-1461-c14-group style-825-spacing style-local-1461-c14-spacing\"><span class=\"h-button__outer style-826-outer style-local-1461-c15-outer d-inline-flex h-element\"><a h-use-smooth-scroll=\"true\" href=\"https:\/\/www.amazon.de\/Sing-Inge-zerbrochene-Traum-Brandenburg\/dp\/3869641134\/ref=sr_1_1?__mk_de_DE=\u00c5M\u00c5\u017d\u00d5\u00d1&amp;dchild=1&amp;keywords=inge+brandenburg&amp;qid=1615319417&amp;sr=8-1\"  data-colibri-id=\"1461-c15\" class=\"d-flex w-100 align-items-center h-button justify-content-lg-center justify-content-md-center justify-content-center style-826 style-local-1461-c15 position-relative\"><!----><!----> <span> Buy the book (Amazon)<\/span><\/a>\n                    <\/span>\n                  <\/div>\n                <\/div>\n              <\/div>\n            <\/div>\n          <\/div>\n        <\/div>\n      <\/div>\n      <div data-colibri-id=\"1461-c16\" class=\"h-row-container gutters-row-lg-2 gutters-row-md-2 gutters-row-0 gutters-row-v-lg-2 gutters-row-v-md-2 gutters-row-v-2 style-827 style-local-1461-c16 position-relative\">\n        <!---->\n        <div class=\"h-row justify-content-lg-center justify-content-md-center justify-content-center align-items-lg-stretch align-items-md-stretch align-items-stretch gutters-col-lg-2 gutters-col-md-2 gutters-col-0 gutters-col-v-lg-2 gutters-col-v-md-2 gutters-col-v-2\">\n          <!---->\n          <div class=\"h-column h-column-container d-flex h-col-lg-6 h-col-md-6 h-col-12 style-828-outer style-local-1461-c17-outer\">\n            <div data-colibri-id=\"1461-c17\" class=\"d-flex h-flex-basis h-column__inner h-px-lg-2 h-px-md-2 h-px-2 v-inner-lg-2 v-inner-md-2 v-inner-2 style-828 style-local-1461-c17 position-relative\">\n              <!---->\n              <!---->\n              <div class=\"w-100 h-y-container h-column__content h-column__v-align flex-basis-100 align-self-lg-start align-self-md-start align-self-start\">\n                <!---->\n                <div data-colibri-id=\"1461-c19\" class=\"h-text h-text-component style-830 style-local-1461-c19 position-relative h-element\">\n                  <!---->\n                  <!---->\n                  <div class=\"\">\n                    <p>Kulturzeit, 3SAT on the book release (21 Dec 2016)<\/p>\n                  <\/div>\n                <\/div>\n              <\/div>\n            <\/div>\n          <\/div>\n          <div class=\"h-column h-column-container d-flex h-col-lg-6 h-col-md-6 h-col-12 style-829-outer style-local-1461-c18-outer\">\n            <div data-colibri-id=\"1461-c18\" class=\"d-flex h-flex-basis h-column__inner h-px-lg-2 h-px-md-2 h-px-2 v-inner-lg-2 v-inner-md-2 v-inner-2 style-829 style-local-1461-c18 position-relative\">\n              <!---->\n              <!---->\n              <div class=\"w-100 h-y-container h-column__content h-column__v-align flex-basis-100 align-self-lg-start align-self-md-start align-self-start\">\n                <!---->\n                <div data-colibri-id=\"1461-c20\" class=\"h-x-container style-831 style-local-1461-c20 position-relative h-element\">\n                  <!---->\n                  <div class=\"h-x-container-inner style-dynamic-1461-c20-group style-831-spacing style-local-1461-c20-spacing\"><span class=\"h-button__outer style-832-outer style-local-1461-c21-outer d-inline-flex h-element\"><a h-use-smooth-scroll=\"true\" href=\"https:\/\/www.3sat.de\/kultur\/kulturzeit\/sing-inge-sing-100.html?mode=play&amp;obj=63853%C2%A0Beeindruckendes%20Portr\u00e4t!\" target=\"_blank\"  data-colibri-id=\"1461-c21\" class=\"d-flex w-100 align-items-center h-button justify-content-lg-center justify-content-md-center justify-content-center style-832 style-local-1461-c21 position-relative\"><!----><!----> <span>Link to the feature<\/span><\/a>\n                    <\/span>\n                  <\/div>\n                <\/div>\n              <\/div>\n            <\/div>\n          <\/div>\n        <\/div>\n      <\/div>\n    <\/div>\n  <\/div>\n  <div data-colibri-component=\"section\" data-colibri-id=\"1461-c22\" id=\"custom-2\" class=\"h-section h-section-global-spacing d-flex align-items-lg-center align-items-md-center align-items-center style-833 style-local-1461-c22 position-relative\">\n    <!---->\n    <!---->\n    <div class=\"h-section-grid-container h-section-boxed-container\">\n      <!---->\n      <div data-colibri-id=\"1461-c26\" class=\"h-row-container gutters-row-lg-2 gutters-row-md-2 gutters-row-0 gutters-row-v-lg-2 gutters-row-v-md-2 gutters-row-v-2 style-837 style-local-1461-c26 position-relative\">\n        <!---->\n        <div class=\"h-row justify-content-lg-center justify-content-md-center justify-content-center align-items-lg-stretch align-items-md-stretch align-items-stretch gutters-col-lg-2 gutters-col-md-2 gutters-col-0 gutters-col-v-lg-2 gutters-col-v-md-2 gutters-col-v-2\">\n          <!---->\n          <div class=\"h-column h-column-container d-flex h-col-lg-auto h-col-md-auto h-col-auto style-838-outer style-local-1461-c27-outer\">\n            <div data-colibri-id=\"1461-c27\" class=\"d-flex h-flex-basis h-column__inner h-px-lg-2 h-px-md-2 h-px-2 v-inner-lg-2 v-inner-md-2 v-inner-2 style-838 style-local-1461-c27 position-relative\">\n              <!---->\n              <!---->\n              <div class=\"w-100 h-y-container h-column__content h-column__v-align flex-basis-100 align-self-lg-start align-self-md-start align-self-start\">\n                <!---->\n                <div data-colibri-id=\"1461-c28\" class=\"h-global-transition-all h-heading style-839 style-local-1461-c28 position-relative h-element\">\n                  <!---->\n                  <div class=\"h-heading__outer style-839 style-local-1461-c28\">\n                    <!---->\n                    <!---->\n                    <h2 class=\"\">Reviews<\/h2>\n                  <\/div>\n                <\/div>\n              <\/div>\n            <\/div>\n          <\/div>\n        <\/div>\n      <\/div>\n      <div data-colibri-id=\"1461-c23\" class=\"h-row-container gutters-row-lg-2 gutters-row-md-2 gutters-row-0 gutters-row-v-lg-2 gutters-row-v-md-2 gutters-row-v-2 style-834 style-local-1461-c23 position-relative\">\n        <!---->\n        <div class=\"h-row justify-content-lg-center justify-content-md-center justify-content-center align-items-lg-stretch align-items-md-stretch align-items-stretch gutters-col-lg-2 gutters-col-md-2 gutters-col-0 gutters-col-v-lg-2 gutters-col-v-md-2 gutters-col-v-2\">\n          <!---->\n          <div class=\"h-column h-column-container d-flex h-col-lg-auto h-col-md-auto h-col-auto style-835-outer style-local-1461-c24-outer\">\n            <div data-colibri-id=\"1461-c24\" class=\"d-flex h-flex-basis h-column__inner h-px-lg-2 h-px-md-2 h-px-2 v-inner-lg-2 v-inner-md-2 v-inner-2 style-835 style-local-1461-c24 position-relative\">\n              <!---->\n              <!---->\n              <div class=\"w-100 h-y-container h-column__content h-column__v-align flex-basis-100 align-self-lg-center align-self-md-center align-self-center\">\n                <!---->\n                <div data-colibri-id=\"1461-c29\" class=\"d-block style-840 style-local-1461-c29 position-relative h-element\">\n                  <!---->\n                  <div class=\"h-image__frame-container-outer\">\n                    <div class=\"h-image__frame-container\">\n                      <!---->\n                      <!---->\n                      <img decoding=\"async\" src=\"https:\/\/en.boettcher-film.de\/wp-content\/uploads\/2022\/12\/logo_aviva_gross-300x213.png\" class=\"style-840-image style-local-1461-c29-image\">\n                      <div class=\"h-image__frame h-hide-lg h-hide-md h-hide-sm style-840-frameImage style-local-1461-c29-frameImage\"><\/div>\n                    <\/div>\n                  <\/div>\n                <\/div>\n              <\/div>\n            <\/div>\n          <\/div>\n          <div class=\"h-column h-column-container d-flex h-col-lg-auto h-col-md-auto h-col-auto style-836-outer style-local-1461-c25-outer\">\n            <div data-colibri-id=\"1461-c25\" class=\"d-flex h-flex-basis h-column__inner h-px-lg-2 h-px-md-2 h-px-2 v-inner-lg-2 v-inner-md-2 v-inner-2 style-836 style-local-1461-c25 position-relative\">\n              <!---->\n              <!---->\n              <div class=\"w-100 h-y-container h-column__content h-column__v-align flex-basis-100 align-self-lg-center align-self-md-center align-self-center\">\n                <!---->\n                <div data-colibri-id=\"1461-c30\" class=\"h-text h-text-component style-841 style-local-1461-c30 position-relative h-element\">\n                  <!---->\n                  <!---->\n                  <div class=\"\">\n                    <p>\u201cSometimes a book leaves us hurt, sad, or confused. It is then the task of the reader who has been touched to find out exactly where this book hits us.<\/p>\n                    <p>The biography of Inge Brandenburg left the reviewer sad and at the same time happy: sad about the singer\u2019s efforts to escape her loveless and hurtful past and to find the recognition she deserved; happy to rediscover this wonderful\n                      voice and her interpretations of long-known as well as new jazz titles through this extraordinary singer.<\/p>\n                    <p>(\u2026) A moving and at the same time illuminating read about a remarkable yet tragic musician, told in a gripping way not only for music lovers.\u201d<\/p>\n                  <\/div>\n                <\/div>\n              <\/div>\n            <\/div>\n          <\/div>\n        <\/div>\n      <\/div>\n      <div data-colibri-id=\"1461-c36\" class=\"h-row-container gutters-row-lg-2 gutters-row-md-2 gutters-row-0 gutters-row-v-lg-2 gutters-row-v-md-2 gutters-row-v-2 style-834 style-local-1461-c36 position-relative\">\n        <!---->\n        <div class=\"h-row justify-content-lg-center justify-content-md-center justify-content-center align-items-lg-stretch align-items-md-stretch align-items-stretch gutters-col-lg-2 gutters-col-md-2 gutters-col-0 gutters-col-v-lg-2 gutters-col-v-md-2 gutters-col-v-2\">\n          <!---->\n          <div class=\"h-column h-column-container d-flex h-col-lg-auto h-col-md-auto h-col-auto style-835-outer style-local-1461-c37-outer\">\n            <div data-colibri-id=\"1461-c37\" class=\"d-flex h-flex-basis h-column__inner h-px-lg-2 h-px-md-2 h-px-2 v-inner-lg-2 v-inner-md-2 v-inner-2 style-835 style-local-1461-c37 position-relative\">\n              <!---->\n              <!---->\n              <div class=\"w-100 h-y-container h-column__content h-column__v-align flex-basis-100 align-self-lg-center align-self-md-center align-self-center\">\n                <!---->\n                <div data-colibri-id=\"1461-c38\" class=\"d-block style-840 style-local-1461-c38 position-relative h-element\">\n                  <!---->\n                  <div class=\"h-image__frame-container-outer\">\n                    <div class=\"h-image__frame-container\">\n                      <!---->\n                      <!---->\n                      <img decoding=\"async\" src=\"https:\/\/en.boettcher-film.de\/wp-content\/uploads\/2022\/12\/Just-for-Swing-300x60.png\" class=\"style-840-image style-local-1461-c38-image\">\n                      <div class=\"h-image__frame h-hide-lg h-hide-md h-hide-sm style-840-frameImage style-local-1461-c38-frameImage\"><\/div>\n                    <\/div>\n                  <\/div>\n                <\/div>\n              <\/div>\n            <\/div>\n          <\/div>\n          <div class=\"h-column h-column-container d-flex h-col-lg-auto h-col-md-auto h-col-auto style-836-outer style-local-1461-c39-outer\">\n            <div data-colibri-id=\"1461-c39\" class=\"d-flex h-flex-basis h-column__inner h-px-lg-2 h-px-md-2 h-px-2 v-inner-lg-2 v-inner-md-2 v-inner-2 style-836 style-local-1461-c39 position-relative\">\n              <!---->\n              <!---->\n              <div class=\"w-100 h-y-container h-column__content h-column__v-align flex-basis-100 align-self-lg-center align-self-md-center align-self-center\">\n                <!---->\n                <div data-colibri-id=\"1461-c40\" class=\"h-text h-text-component style-841 style-local-1461-c40 position-relative h-element\">\n                  <!---->\n                  <!---->\n                  <div class=\"\">\n                    <p>\u201cWith this richly illustrated book, the author has succeeded in creating an easy-to-read, exciting, and highly interesting mixture of biographical facts, socio-historical aspects of early West Germany, and the machinations of the music\n                      business\u2014an balanced character study of the artist that often makes the reader waver between sympathy and aversion. Boettcher describes very vividly and in clear words the uneven, stone-strewn path of the artist\u2019s life.<\/p>\n                    <p>This lovingly crafted, content-rich, and meticulously researched book is more than an act of remembrance for a great singer who was denied real fame and whose life shows many missed opportunities\u2014through no fault of her own, but also\n                      through her own actions. It shows readers the difficulties that an uncompromising life away from the mainstream can bring, with all its adversities.<\/p>\n                    <p>Boettcher\u2019s commendable work cannot be praised highly enough in this age of interchangeable book releases.\u201d<\/p>\n                  <\/div>\n                <\/div>\n              <\/div>\n            <\/div>\n          <\/div>\n        <\/div>\n      <\/div>\n      <div data-colibri-id=\"1461-c31\" class=\"h-row-container gutters-row-lg-2 gutters-row-md-2 gutters-row-0 gutters-row-v-lg-2 gutters-row-v-md-2 gutters-row-v-2 style-834 style-local-1461-c31 position-relative\">\n        <!---->\n        <div class=\"h-row justify-content-lg-center justify-content-md-center justify-content-center align-items-lg-stretch align-items-md-stretch align-items-stretch gutters-col-lg-2 gutters-col-md-2 gutters-col-0 gutters-col-v-lg-2 gutters-col-v-md-2 gutters-col-v-2\">\n          <!---->\n          <div class=\"h-column h-column-container d-flex h-col-lg-auto h-col-md-auto h-col-auto style-835-outer style-local-1461-c32-outer\">\n            <div data-colibri-id=\"1461-c32\" class=\"d-flex h-flex-basis h-column__inner h-px-lg-2 h-px-md-2 h-px-2 v-inner-lg-2 v-inner-md-2 v-inner-2 style-835 style-local-1461-c32 position-relative\">\n              <!---->\n              <!---->\n              <div class=\"w-100 h-y-container h-column__content h-column__v-align flex-basis-100 align-self-lg-center align-self-md-center align-self-center\">\n                <!---->\n                <div data-colibri-id=\"1461-c33\" class=\"d-block style-840 style-local-1461-c33 position-relative h-element\">\n                  <!---->\n                  <div class=\"h-image__frame-container-outer\">\n                    <div class=\"h-image__frame-container\">\n                      <!---->\n                      <!---->\n                      <img decoding=\"async\" src=\"https:\/\/en.boettcher-film.de\/wp-content\/uploads\/2022\/12\/Leipziger_Internet_Zeitung-300x43.gif\" class=\"style-840-image style-local-1461-c33-image\">\n                      <div class=\"h-image__frame h-hide-lg h-hide-md h-hide-sm style-840-frameImage style-local-1461-c33-frameImage\"><\/div>\n                    <\/div>\n                  <\/div>\n                <\/div>\n              <\/div>\n            <\/div>\n          <\/div>\n          <div class=\"h-column h-column-container d-flex h-col-lg-auto h-col-md-auto h-col-auto style-836-outer style-local-1461-c34-outer\">\n            <div data-colibri-id=\"1461-c34\" class=\"d-flex h-flex-basis h-column__inner h-px-lg-2 h-px-md-2 h-px-2 v-inner-lg-2 v-inner-md-2 v-inner-2 style-836 style-local-1461-c34 position-relative\">\n              <!---->\n              <!---->\n              <div class=\"w-100 h-y-container h-column__content h-column__v-align flex-basis-100 align-self-lg-center align-self-md-center align-self-center\">\n                <!---->\n                <div data-colibri-id=\"1461-c35\" class=\"h-text h-text-component style-841 style-local-1461-c35 position-relative h-element\">\n                  <!---->\n                  <!---->\n                  <div class=\"\">\n                    <p>\u201cThe grand, defeat-filled life of the singer Inge Brandenburg. Marc Boettcher has brought the fate of the unjustly forgotten out of the dark. This book takes you on a journey through a life shaped by upheavals, dreams, and disappointments.\n                      In fact, one is hardly surprised anymore why the music business in Germany is, for the most part, so banal, shallow, and deceitful.\u201d<\/p>\n                  <\/div>\n                <\/div>\n              <\/div>\n            <\/div>\n          <\/div>\n        <\/div>\n      <\/div>\n    <\/div>\n  <\/div>\n<\/div>","protected":false},"excerpt":{"rendered":"<p>Sing! Inge, Sing! The Broken Dream of Inge Brandenburg \u201cDetailed and easy to read! (\u2026) A fitting monument. Not only jazz fans will find access to it, but anyone interested in musicians who show personality!\u201d (MDR Kultur) \u201cAn important puzzle piece of German jazz history.\u201d (NDR INFO \u201cPlay Jazz\u201d) \u201c\u2026a highly exciting biography of the [&hellip;]<\/p>\n","protected":false},"author":1,"featured_media":0,"parent":0,"menu_order":0,"comment_status":"closed","ping_status":"closed","template":"page-templates\/full-width-page.php","meta":{"footnotes":""},"class_list":["post-1461","page","type-page","status-publish","hentry"],"_links":{"self":[{"href":"https:\/\/en.boettcher-film.de\/index.php?rest_route=\/wp\/v2\/pages\/1461","targetHints":{"allow":["GET"]}}],"collection":[{"href":"https:\/\/en.boettcher-film.de\/index.php?rest_route=\/wp\/v2\/pages"}],"about":[{"href":"https:\/\/en.boettcher-film.de\/index.php?rest_route=\/wp\/v2\/types\/page"}],"author":[{"embeddable":true,"href":"https:\/\/en.boettcher-film.de\/index.php?rest_route=\/wp\/v2\/users\/1"}],"replies":[{"embeddable":true,"href":"https:\/\/en.boettcher-film.de\/index.php?rest_route=%2Fwp%2Fv2%2Fcomments&post=1461"}],"version-history":[{"count":1,"href":"https:\/\/en.boettcher-film.de\/index.php?rest_route=\/wp\/v2\/pages\/1461\/revisions"}],"predecessor-version":[{"id":3921,"href":"https:\/\/en.boettcher-film.de\/index.php?rest_route=\/wp\/v2\/pages\/1461\/revisions\/3921"}],"wp:attachment":[{"href":"https:\/\/en.boettcher-film.de\/index.php?rest_route=%2Fwp%2Fv2%2Fmedia&parent=1461"}],"curies":[{"name":"wp","href":"https:\/\/api.w.org\/{rel}","templated":true}]}}