{"id":1480,"date":"2023-01-22T11:29:28","date_gmt":"2023-01-22T10:29:28","guid":{"rendered":"https:\/\/update.boettcher-film.de\/buch-alexandra\/"},"modified":"2026-02-19T11:29:05","modified_gmt":"2026-02-19T11:29:05","slug":"buch-alexandra","status":"publish","type":"page","link":"https:\/\/en.boettcher-film.de\/?page_id=1480","title":{"rendered":"Buch Alexandra"},"content":{"rendered":"<div data-colibri-id=\"1480-c1\" class=\"style-842 style-local-1480-c1 position-relative\">\n  <!---->\n  <div data-colibri-component=\"section\" data-colibri-id=\"1480-c2\" id=\"custom\" class=\"h-section h-section-global-spacing d-flex align-items-lg-center align-items-md-center align-items-center style-847 style-local-1480-c2 position-relative\">\n    <!---->\n    <!---->\n    <div class=\"h-section-grid-container h-section-boxed-container\">\n      <!---->\n      <div data-colibri-id=\"1480-c3\" class=\"h-row-container gutters-row-lg-2 gutters-row-md-2 gutters-row-0 gutters-row-v-lg-2 gutters-row-v-md-2 gutters-row-v-2 style-848 style-local-1480-c3 position-relative\">\n        <!---->\n        <div class=\"h-row justify-content-lg-center justify-content-md-center justify-content-center align-items-lg-stretch align-items-md-stretch align-items-stretch gutters-col-lg-2 gutters-col-md-2 gutters-col-0 gutters-col-v-lg-2 gutters-col-v-md-2 gutters-col-v-2\">\n          <!---->\n          <div class=\"h-column h-column-container d-flex h-col-lg-auto h-col-md-auto h-col-auto style-849-outer style-local-1480-c4-outer\">\n            <div data-colibri-id=\"1480-c4\" class=\"d-flex h-flex-basis h-column__inner h-px-lg-2 h-px-md-2 h-px-2 v-inner-lg-2 v-inner-md-2 v-inner-2 style-849 style-local-1480-c4 position-relative\">\n              <!---->\n              <!---->\n              <div class=\"w-100 h-y-container h-column__content h-column__v-align flex-basis-100 align-self-lg-start align-self-md-start align-self-start\">\n                <!---->\n                <div data-colibri-id=\"1480-c5\" class=\"h-global-transition-all h-heading style-852 style-local-1480-c5 position-relative h-element\">\n                  <!---->\n                  <div class=\"h-heading__outer style-852 style-local-1480-c5\">\n                    <!---->\n                    <!---->\n                    <h2 class=\"\">Reviews<\/h2>\n                  <\/div>\n                <\/div>\n                <div data-colibri-id=\"1480-c6\" class=\"h-text h-text-component style-853 style-local-1480-c6 position-relative h-element\">\n                  <!---->\n                  <!---->\n                  <div class=\"\">\n                    <p>\u201cWonderful book!\u201d (taz)<span><br><\/span><\/p>\n                    <p>\u201cDocumented with a sensitive hand. (\u2026) A piece of unforgettable schlager history.\u201d (L\u00fcbecker Nachrichten)<span><br><\/span><\/p>\n                    <p><span>\u201c\u2026a document of admiration.\u201d (Der Spiegel)<\/span><\/p>\n                    <p><span>\u201c\u2026a short but moving life story.\u201d (BZ)<\/span><\/p>\n                    <p><span>\u201cAlexandra was somehow divine. Her melancholy songs, her steep career, and the mysterious death provide enough material for a German legend.\u201d (ARD Kulturreport)<\/span><\/p>\n                    <p>\u201c\u2026factual and unpretentious, yet it hints at how hard life can be when you get caught in the mills of show business.\u201d (Dithmarsche Landeszeitung)<\/p>\n                    <p>\u201c\u2026a portrait no one knew. She was full of contradictions and stubbornness, yet somehow gifted. (\u2026) She survived as a legend, because her voice suggests that longing is stronger than death.\u201d (NDR \u201cNordzeit\u201d)<\/p>\n                  <\/div>\n                <\/div>\n                <div data-colibri-id=\"1480-c7\" class=\"h-x-container style-870 style-local-1480-c7 position-relative h-element\">\n                  <!---->\n                  <div class=\"h-x-container-inner style-dynamic-1480-c7-group style-870-spacing style-local-1480-c7-spacing\"><span class=\"h-button__outer style-871-outer style-local-1480-c8-outer d-inline-flex h-element\"><a h-use-smooth-scroll=\"true\" href=\"https:\/\/en.boettcher-film.de\/?page_id=1512\"  data-colibri-id=\"1480-c8\" class=\"d-flex w-100 align-items-center h-button justify-content-lg-center justify-content-md-center justify-content-center style-871 style-local-1480-c8 position-relative\"><!----><!----> <span>More reviews<\/span><\/a>\n                    <\/span>\n                  <\/div>\n                <\/div>\n              <\/div>\n            <\/div>\n          <\/div>\n          <div class=\"h-column h-column-container d-flex h-col-lg-auto h-col-md-auto h-col-auto style-850-outer style-local-1480-c9-outer\">\n            <div data-colibri-id=\"1480-c9\" class=\"d-flex h-flex-basis h-column__inner h-px-lg-2 h-px-md-2 h-px-2 v-inner-lg-2 v-inner-md-2 v-inner-2 style-850 style-local-1480-c9 position-relative\">\n              <!---->\n              <!---->\n              <div class=\"w-100 h-y-container h-column__content h-column__v-align flex-basis-100 align-self-lg-start align-self-md-start align-self-start\">\n                <!---->\n                <div data-colibri-id=\"1480-c10\" class=\"d-block style-851 style-local-1480-c10 position-relative h-element\">\n                  <!---->\n                  <div class=\"h-image__frame-container-outer\">\n                    <div class=\"h-image__frame-container\">\n                      <!---->\n                      <!---->\n                      <img loading=\"lazy\" decoding=\"async\" width=\"1332\" height=\"2109\" src=\"https:\/\/en.boettcher-film.de\/wp-content\/uploads\/2022\/12\/Alexandra-rosa-Buch-1998.jpg\" class=\"wp-image-90 style-851-image style-local-1480-c10-image\" alt=\"\" srcset=\"https:\/\/en.boettcher-film.de\/wp-content\/uploads\/2022\/12\/Alexandra-rosa-Buch-1998.jpg 1332w, https:\/\/en.boettcher-film.de\/wp-content\/uploads\/2022\/12\/Alexandra-rosa-Buch-1998-189x300.jpg 189w, https:\/\/en.boettcher-film.de\/wp-content\/uploads\/2022\/12\/Alexandra-rosa-Buch-1998-647x1024.jpg 647w, https:\/\/en.boettcher-film.de\/wp-content\/uploads\/2022\/12\/Alexandra-rosa-Buch-1998-768x1216.jpg 768w, https:\/\/en.boettcher-film.de\/wp-content\/uploads\/2022\/12\/Alexandra-rosa-Buch-1998-970x1536.jpg 970w, https:\/\/en.boettcher-film.de\/wp-content\/uploads\/2022\/12\/Alexandra-rosa-Buch-1998-1293x2048.jpg 1293w\" sizes=\"auto, (max-width: 1332px) 100vw, 1332px\" \/>\n                      <div class=\"h-image__frame h-hide-lg h-hide-md h-hide-sm style-851-frameImage style-local-1480-c10-frameImage\"><\/div>\n                    <\/div>\n                  <\/div>\n                <\/div>\n              <\/div>\n            <\/div>\n          <\/div>\n        <\/div>\n      <\/div>\n      <div data-colibri-id=\"1480-c11\" class=\"h-row-container gutters-row-lg-2 gutters-row-md-2 gutters-row-0 gutters-row-v-lg-2 gutters-row-v-md-2 gutters-row-v-2 style-854 style-local-1480-c11 position-relative\">\n        <!---->\n        <div class=\"h-row justify-content-lg-center justify-content-md-center justify-content-center align-items-lg-stretch align-items-md-stretch align-items-stretch gutters-col-lg-2 gutters-col-md-2 gutters-col-0 gutters-col-v-lg-2 gutters-col-v-md-2 gutters-col-v-2\">\n          <!---->\n          <div class=\"h-column h-column-container d-flex h-col-lg-6 h-col-md-6 h-col-12 style-855-outer style-local-1480-c12-outer\">\n            <div data-colibri-id=\"1480-c12\" class=\"d-flex h-flex-basis h-column__inner h-px-lg-2 h-px-md-2 h-px-2 v-inner-lg-2 v-inner-md-2 v-inner-2 style-855 style-local-1480-c12 position-relative\">\n              <!---->\n              <!---->\n              <div class=\"w-100 h-y-container h-column__content h-column__v-align flex-basis-100 align-self-lg-center align-self-md-center align-self-center\">\n                <!---->\n                <div data-colibri-id=\"1480-c13\" class=\"h-global-transition-all h-heading style-867 style-local-1480-c13 position-relative h-element\">\n                  <!---->\n                  <div class=\"h-heading__outer style-867 style-local-1480-c13\">\n                    <!---->\n                    <!---->\n                    <h2 class=\"\">New edition<\/h2>\n                  <\/div>\n                <\/div>\n                <div data-colibri-id=\"1480-c14\" class=\"h-text h-text-component style-868 style-local-1480-c14 position-relative h-element\">\n                  <!---->\n                  <!---->\n                  <div class=\"\">\n                    <p>Revised limited new edition of the out-of-print book of the same title,&nbsp;originally published as a Knaur paperback\u2014now as a hardcover with some previously unpublished photos, an extensive discography, as well as a CD with Alexandra\u2019s\n                      most beautiful songs and a 12-minute interview with her.\n                      <br>\n                    <\/p>\n                    <p>An additional chapter provides information about the latest findings regarding her mysterious fatal accident. (Parthas Verlag Berlin)<\/p>\n                  <\/div>\n                <\/div>\n                <div data-colibri-id=\"1480-c15\" class=\"h-x-container style-872 style-local-1480-c15 position-relative h-element\">\n                  <!---->\n                  <div class=\"h-x-container-inner style-dynamic-1480-c15-group style-872-spacing style-local-1480-c15-spacing\"><span class=\"h-button__outer style-873-outer style-local-1480-c16-outer d-inline-flex h-element\"><a h-use-smooth-scroll=\"true\" href=\"https:\/\/www.amazon.de\/Alexandra-Legende-einer-S\u00e4ngerin-Lieder\/dp\/3936324107\/ref=sr_1_3?__mk_de_DE=\u00c5M\u00c5\u017d\u00d5\u00d1&amp;dchild=1&amp;keywords=alexandra+die+legende+einer+s\u00e4ngerin&amp;qid=1615127045&amp;sr=8-3\"  data-colibri-id=\"1480-c16\" class=\"d-flex w-100 align-items-center h-button justify-content-lg-center justify-content-md-center justify-content-center style-873 style-local-1480-c16 position-relative\"><!----><!----> <span>Buy the book<\/span><\/a>\n                    <\/span>\n                  <\/div>\n                <\/div>\n              <\/div>\n            <\/div>\n          <\/div>\n          <div class=\"h-column h-column-container d-flex h-col-lg-6 h-col-md-6 h-col-12 style-856-outer style-local-1480-c17-outer\">\n            <div data-colibri-id=\"1480-c17\" class=\"d-flex h-flex-basis h-column__inner h-px-lg-2 h-px-md-2 h-px-2 v-inner-lg-2 v-inner-md-2 v-inner-2 style-856 style-local-1480-c17 position-relative\">\n              <!---->\n              <!---->\n              <div class=\"w-100 h-y-container h-column__content h-column__v-align flex-basis-100 align-self-lg-start align-self-md-start align-self-start\">\n                <!---->\n                <div data-colibri-id=\"1480-c18\" class=\"d-block style-860 style-local-1480-c18 position-relative h-element\">\n                  <!---->\n                  <div class=\"h-image__frame-container-outer\">\n                    <div class=\"h-image__frame-container\">\n                      <!---->\n                      <!---->\n                      <img loading=\"lazy\" decoding=\"async\" width=\"470\" height=\"648\" src=\"https:\/\/en.boettcher-film.de\/wp-content\/uploads\/2022\/12\/Alexandra-Die-Legende-einer-Saengerin-Buch.jpg\" class=\"wp-image-86 style-860-image style-local-1480-c18-image\" alt=\"\" srcset=\"https:\/\/en.boettcher-film.de\/wp-content\/uploads\/2022\/12\/Alexandra-Die-Legende-einer-Saengerin-Buch.jpg 470w, https:\/\/en.boettcher-film.de\/wp-content\/uploads\/2022\/12\/Alexandra-Die-Legende-einer-Saengerin-Buch-218x300.jpg 218w\" sizes=\"auto, (max-width: 470px) 100vw, 470px\" \/>\n                      <div class=\"h-image__frame h-hide-lg h-hide-md h-hide-sm style-860-frameImage style-local-1480-c18-frameImage\"><\/div>\n                    <\/div>\n                  <\/div>\n                <\/div>\n              <\/div>\n            <\/div>\n          <\/div>\n        <\/div>\n      <\/div>\n      <div data-colibri-id=\"1480-c19\" class=\"h-row-container gutters-row-lg-2 gutters-row-md-2 gutters-row-0 gutters-row-v-lg-2 gutters-row-v-md-2 gutters-row-v-2 style-857 style-local-1480-c19 position-relative\">\n        <!---->\n        <div class=\"h-row justify-content-lg-center justify-content-md-center justify-content-center align-items-lg-stretch align-items-md-stretch align-items-stretch gutters-col-lg-2 gutters-col-md-2 gutters-col-0 gutters-col-v-lg-2 gutters-col-v-md-2 gutters-col-v-2\">\n          <!---->\n          <div class=\"h-column h-column-container d-flex h-col-lg-6 h-col-md-6 h-col-12 style-858-outer style-local-1480-c20-outer\">\n            <div data-colibri-id=\"1480-c20\" class=\"d-flex h-flex-basis h-column__inner h-px-lg-2 h-px-md-2 h-px-2 v-inner-lg-2 v-inner-md-2 v-inner-2 style-858 style-local-1480-c20 position-relative\">\n              <!---->\n              <!---->\n              <div class=\"w-100 h-y-container h-column__content h-column__v-align flex-basis-100 align-self-lg-center align-self-md-center align-self-center\">\n                <!---->\n                <div data-colibri-id=\"1480-c21\" class=\"h-global-transition-all h-heading style-869 style-local-1480-c21 position-relative h-element\">\n                  <!---->\n                  <div class=\"h-heading__outer style-869 style-local-1480-c21\">\n                    <!---->\n                    <!---->\n                    <h2 class=\"\">Interview<\/h2>\n                  <\/div>\n                <\/div>\n                <div data-colibri-id=\"1480-c22\" class=\"h-text h-text-component style-874 style-local-1480-c22 position-relative h-element\">\n                  <!---->\n                  <!---->\n                  <div class=\"\">\n                    <p>Marc Boettcher on \u201cMenschen der Woche\u201d with Frank Elstner \u2013 17 July 2004<\/p>\n                  <\/div>\n                <\/div>\n              <\/div>\n            <\/div>\n          <\/div>\n          <div class=\"h-column h-column-container d-flex h-col-lg-6 h-col-md-6 h-col-12 style-859-outer style-local-1480-c23-outer\">\n            <div data-colibri-id=\"1480-c23\" class=\"d-flex h-flex-basis h-column__inner h-px-lg-2 h-px-md-2 h-px-2 v-inner-lg-2 v-inner-md-2 v-inner-2 style-859 style-local-1480-c23 position-relative\">\n              <!---->\n              <!---->\n              <div class=\"w-100 h-y-container h-column__content h-column__v-align flex-basis-100 align-self-lg-start align-self-md-start align-self-start\">\n                <!---->\n                <div data-colibri-component=\"video\" data-colibri-id=\"1480-c24\" class=\"d-block h-video d-block h-video style-865 style-local-1480-c24 position-relative h-element\">\n                  <!---->\n                  <!---->\n                  <div class=\"video-container position-relative\">\n                    <div class=\"h-global-transition-all ratio-inner\"><video class='h-video-main' controls ><source src=https:\/\/en.boettcher-film.de\/wp-content\/uploads\/2022\/12\/Alexandra_Legende-einer-Saengerin-Marc-Boettcher-Frank-Elstner-Menschen-1.mp4 type='video\/mp4' \/><\/video><\/div>\n                  <\/div>\n                <\/div>\n              <\/div>\n            <\/div>\n          <\/div>\n        <\/div>\n      <\/div>\n    <\/div>\n  <\/div>\n<\/div>","protected":false},"excerpt":{"rendered":"<p>Reviews \u201cWonderful book!\u201d (taz) \u201cDocumented with a sensitive hand. (\u2026) A piece of unforgettable schlager history.\u201d (L\u00fcbecker Nachrichten) \u201c\u2026a document of admiration.\u201d (Der Spiegel) \u201c\u2026a short but moving life story.\u201d (BZ) \u201cAlexandra was somehow divine. Her melancholy songs, her steep career, and the mysterious death provide enough material for a German legend.\u201d (ARD Kulturreport) \u201c\u2026factual [&hellip;]<\/p>\n","protected":false},"author":1,"featured_media":0,"parent":0,"menu_order":0,"comment_status":"closed","ping_status":"closed","template":"page-templates\/full-width-page.php","meta":{"footnotes":""},"class_list":["post-1480","page","type-page","status-publish","hentry"],"_links":{"self":[{"href":"https:\/\/en.boettcher-film.de\/index.php?rest_route=\/wp\/v2\/pages\/1480","targetHints":{"allow":["GET"]}}],"collection":[{"href":"https:\/\/en.boettcher-film.de\/index.php?rest_route=\/wp\/v2\/pages"}],"about":[{"href":"https:\/\/en.boettcher-film.de\/index.php?rest_route=\/wp\/v2\/types\/page"}],"author":[{"embeddable":true,"href":"https:\/\/en.boettcher-film.de\/index.php?rest_route=\/wp\/v2\/users\/1"}],"replies":[{"embeddable":true,"href":"https:\/\/en.boettcher-film.de\/index.php?rest_route=%2Fwp%2Fv2%2Fcomments&post=1480"}],"version-history":[{"count":2,"href":"https:\/\/en.boettcher-film.de\/index.php?rest_route=\/wp\/v2\/pages\/1480\/revisions"}],"predecessor-version":[{"id":3955,"href":"https:\/\/en.boettcher-film.de\/index.php?rest_route=\/wp\/v2\/pages\/1480\/revisions\/3955"}],"wp:attachment":[{"href":"https:\/\/en.boettcher-film.de\/index.php?rest_route=%2Fwp%2Fv2%2Fmedia&parent=1480"}],"curies":[{"name":"wp","href":"https:\/\/api.w.org\/{rel}","templated":true}]}}